{"id":995,"date":"2021-01-07T15:53:45","date_gmt":"2021-01-07T15:53:45","guid":{"rendered":"https:\/\/gps-czerwonak.pl\/?page_id=995"},"modified":"2025-09-24T06:04:16","modified_gmt":"2025-09-24T06:04:16","slug":"uslugi-swiadczone-dla-urzedu-gminy-czerwonak","status":"publish","type":"page","link":"https:\/\/gps-czerwonak.pl\/index.php\/uslugi-swiadczone-dla-urzedu-gminy-czerwonak\/","title":{"rendered":"Us\u0142ugi \u015bwiadczone dla Gminy Czerwonak"},"content":{"rendered":"\t\t<div data-elementor-type=\"wp-page\" data-elementor-id=\"995\" class=\"elementor elementor-995\" data-elementor-settings=\"[]\">\n\t\t\t\t\t\t<div class=\"elementor-inner\">\n\t\t\t\t\t\t\t<div class=\"elementor-section-wrap\">\n\t\t\t\t\t\t\t<section class=\"elementor-section elementor-top-section elementor-element elementor-element-3c712114 elementor-section-boxed elementor-section-height-default elementor-section-height-default\" data-id=\"3c712114\" data-element_type=\"section\">\n\t\t\t\t\t\t<div class=\"elementor-container elementor-column-gap-default\">\n\t\t\t\t\t\t\t<div class=\"elementor-row\">\n\t\t\t\t\t<div class=\"elementor-column elementor-col-100 elementor-top-column elementor-element elementor-element-20dea836\" data-id=\"20dea836\" data-element_type=\"column\">\n\t\t\t<div class=\"elementor-column-wrap elementor-element-populated\">\n\t\t\t\t\t\t\t<div class=\"elementor-widget-wrap\">\n\t\t\t\t\t\t<div class=\"elementor-element elementor-element-2df51767 elementor-widget elementor-widget-text-editor\" data-id=\"2df51767\" data-element_type=\"widget\" data-widget_type=\"text-editor.default\">\n\t\t\t\t<div class=\"elementor-widget-container\">\n\t\t\t\t\t<div class=\"elementor-text-editor elementor-clearfix\"><h3><span style=\"color: #000000;\"><img loading=\"lazy\" decoding=\"async\" src=\"https:\/\/gps-czerwonak.pl\/wp-content\/uploads\/2021\/01\/3-300x278.jpg\" alt=\"\" width=\"300\" height=\"278\" \/><\/span><span style=\"color: #000000; font-family: Roboto, sans-serif; font-size: 16px;\">Gminne Przedsi\u0119biorstwo Spo\u0142eczne realizuje nast\u0119puj\u0105ce us\u0142ugi dla Gminy Czerwonak:<\/span><\/h3><ul><li><span style=\"color: #000000;\">dbanie o ziele\u0144 gminn\u0105 (koszenie trawnik\u00f3w, usuwanie chwast\u00f3w, przycinanie krzew\u00f3w, sadzenie kwiat\u00f3w, grabienie itp.);<\/span><\/li><li><span style=\"color: #000000;\">koszenie pas\u00f3w drogowych w miejscowo\u015bciach Kozieg\u0142owy, Kicin;<\/span><\/li><li><span style=\"color: #000000;\">obs\u0142uga gminnego targowiska w Kozieg\u0142owach,<\/span><\/li><li><span style=\"color: #000000;\">utrzymanie porz\u0105dku i czysto\u015bci na terenie gminnego cmentarza;<\/span><\/li><li><span style=\"color: #000000;\">mycie wiat przystankowych;<\/span><\/li><\/ul><\/div>\n\t\t\t\t<\/div>\n\t\t\t\t<\/div>\n\t\t\t\t\t\t<\/div>\n\t\t\t\t\t<\/div>\n\t\t<\/div>\n\t\t\t\t\t\t\t\t<\/div>\n\t\t\t\t\t<\/div>\n\t\t<\/section>\n\t\t\t\t\t\t<\/div>\n\t\t\t\t\t\t<\/div>\n\t\t\t\t\t<\/div>\n\t\t","protected":false},"excerpt":{"rendered":"<p>Gminne Przedsi\u0119biorstwo Spo\u0142eczne realizuje nast\u0119puj\u0105ce us\u0142ugi dla Gminy Czerwonak: dbanie o ziele\u0144 gminn\u0105 (koszenie trawnik\u00f3w, usuwanie chwast\u00f3w, przycinanie krzew\u00f3w, sadzenie kwiat\u00f3w, grabienie itp.); koszenie pas\u00f3w drogowych w miejscowo\u015bciach Kozieg\u0142owy, Kicin; obs\u0142uga gminnego targowiska w Kozieg\u0142owach, utrzymanie porz\u0105dku i czysto\u015bci na terenie gminnego cmentarza; mycie wiat przystankowych;<\/p>\n","protected":false},"author":1,"featured_media":0,"parent":0,"menu_order":0,"comment_status":"closed","ping_status":"closed","template":"","meta":{"footnotes":""},"class_list":["post-995","page","type-page","status-publish","hentry"],"_links":{"self":[{"href":"https:\/\/gps-czerwonak.pl\/index.php\/wp-json\/wp\/v2\/pages\/995","targetHints":{"allow":["GET"]}}],"collection":[{"href":"https:\/\/gps-czerwonak.pl\/index.php\/wp-json\/wp\/v2\/pages"}],"about":[{"href":"https:\/\/gps-czerwonak.pl\/index.php\/wp-json\/wp\/v2\/types\/page"}],"author":[{"embeddable":true,"href":"https:\/\/gps-czerwonak.pl\/index.php\/wp-json\/wp\/v2\/users\/1"}],"replies":[{"embeddable":true,"href":"https:\/\/gps-czerwonak.pl\/index.php\/wp-json\/wp\/v2\/comments?post=995"}],"version-history":[{"count":14,"href":"https:\/\/gps-czerwonak.pl\/index.php\/wp-json\/wp\/v2\/pages\/995\/revisions"}],"predecessor-version":[{"id":1524,"href":"https:\/\/gps-czerwonak.pl\/index.php\/wp-json\/wp\/v2\/pages\/995\/revisions\/1524"}],"wp:attachment":[{"href":"https:\/\/gps-czerwonak.pl\/index.php\/wp-json\/wp\/v2\/media?parent=995"}],"curies":[{"name":"wp","href":"https:\/\/api.w.org\/{rel}","templated":true}]}}